{"id":21737,"date":"2022-01-27T05:12:51","date_gmt":"2022-01-27T05:12:51","guid":{"rendered":"https:\/\/neu.asga.ch\/?page_id=21737"},"modified":"2022-01-27T05:14:26","modified_gmt":"2022-01-27T05:14:26","slug":"guido-messmer","status":"publish","type":"page","link":"https:\/\/www.asga.ch\/fr\/a-propos-de-lasga\/60-ans-de-lasga\/guido-messmer\/","title":{"rendered":"Guido Messmer"},"content":{"rendered":"\t\t<div data-elementor-type=\"wp-page\" data-elementor-id=\"21737\" class=\"elementor elementor-21737 elementor-21480\" data-elementor-post-type=\"page\">\n\t\t\t\t\t\t<section data-particle_enable=\"false\" data-particle-mobile-disabled=\"false\" class=\"elementor-section elementor-top-section elementor-element elementor-element-2e86b6f elementor-section-full_width elementor-section-height-default elementor-section-height-default\" data-id=\"2e86b6f\" data-element_type=\"section\">\n\t\t\t\t\t\t<div class=\"elementor-container elementor-column-gap-default\">\n\t\t\t\t\t<div class=\"elementor-column elementor-col-66 elementor-top-column elementor-element elementor-element-c7594ca\" data-id=\"c7594ca\" data-element_type=\"column\">\n\t\t\t<div class=\"elementor-widget-wrap elementor-element-populated\">\n\t\t\t\t\t\t<div class=\"elementor-element elementor-element-c3c6a25 has-large-title-style elementor-widget elementor-widget-heading\" data-id=\"c3c6a25\" data-element_type=\"widget\" data-widget_type=\"heading.default\">\n\t\t\t\t<div class=\"elementor-widget-container\">\n\t\t\t\t\t<h1 class=\"elementor-heading-title elementor-size-default\">Guido Messmer<\/h1>\t\t\t\t<\/div>\n\t\t\t\t<\/div>\n\t\t\t\t<div class=\"elementor-element elementor-element-3ce5bc7 has-large-description-style elementor-widget elementor-widget-text-editor\" data-id=\"3ce5bc7\" data-element_type=\"widget\" data-widget_type=\"text-editor.default\">\n\t\t\t\t<div class=\"elementor-widget-container\">\n\t\t\t\t\t\t\t\t\t<p>chef des finances de l\u2019Asga de 1992 \u00e0 2012, membre de la direction \u00e0 partir de 1994<\/p>\t\t\t\t\t\t\t\t<\/div>\n\t\t\t\t<\/div>\n\t\t\t\t\t<\/div>\n\t\t<\/div>\n\t\t\t\t<div class=\"elementor-column elementor-col-33 elementor-top-column elementor-element elementor-element-b85a048 has-image-right\" data-id=\"b85a048\" data-element_type=\"column\">\n\t\t\t<div class=\"elementor-widget-wrap\">\n\t\t\t\t\t\t\t<\/div>\n\t\t<\/div>\n\t\t\t\t\t<\/div>\n\t\t<\/section>\n\t\t\t\t<section data-particle_enable=\"false\" data-particle-mobile-disabled=\"false\" class=\"elementor-section elementor-top-section elementor-element elementor-element-6c87e878 content-image-text content-image-text-small-bild-links elementor-section-boxed elementor-section-height-default elementor-section-height-default\" data-id=\"6c87e878\" data-element_type=\"section\">\n\t\t\t\t\t\t<div class=\"elementor-container elementor-column-gap-default\">\n\t\t\t\t\t<div class=\"elementor-column elementor-col-100 elementor-top-column elementor-element elementor-element-28d1e44a\" data-id=\"28d1e44a\" data-element_type=\"column\">\n\t\t\t<div class=\"elementor-widget-wrap elementor-element-populated\">\n\t\t\t\t\t\t<div class=\"elementor-element elementor-element-29c55c5d has-normal-paragraph-style elementor-widget elementor-widget-text-editor\" data-id=\"29c55c5d\" data-element_type=\"widget\" data-widget_type=\"text-editor.default\">\n\t\t\t\t<div class=\"elementor-widget-container\">\n\t\t\t\t\t\t\t\t\t<h2>Lorsque tu te rem\u00e9mores le temps pass\u00e9 au sein de l\u2019Asga, quels sont les souvenirs les plus marquants?<\/h2><p>Bien des choses ont chang\u00e9 au cours des vingt derni\u00e8res ann\u00e9es. En r\u00e9alit\u00e9, il y a eu en permanence de grands changements depuis le d\u00e9but. Et pas seulement sur le plan l\u00e9gislatif, mais aussi dans des domaines tr\u00e8s concrets comme la gestion et l\u2019administration. A titre d\u2019exemple, nous n\u2019avions que deux ordinateurs au sein de l\u2019entreprise \u00e0 l\u2019\u00e9poque. Aujourd\u2019hui, on a peine \u00e0 l\u2019imaginer. Tous les vendredis, une sauvegarde des donn\u00e9es \u00e9tait effectu\u00e9e et une personne se rendait \u00e0 la banque pour y entreposer la bande dans le coffre-fort.<\/p><h2>Que penses-tu de l\u2019Asga, en tant que pionni\u00e8re dans son domaine?<\/h2><p>Je ne suis arriv\u00e9 \u00e0 l\u2019Asga que plus tard, mais cet esprit pionnier \u00e9tait encore bien perceptible. La fondation de l\u2019Asga a apport\u00e9 quelque chose de nouveau au secteur. A l\u2019\u00e9poque, les grandes entreprises disposaient d\u00e9j\u00e0 de leurs propres syst\u00e8mes de pr\u00e9voyance, mais les entreprises artisanales n\u2019en avaient pas. Les fondateurs de l\u2019Asga \u00e9taient d\u2019avis que cela devait changer et qu\u2019il fallait aussi entreprendre quelque chose pour les entreprises artisanales ici, en Suisse orientale. L\u2019Asga a donc jou\u00e9 un r\u00f4le de pr\u00e9curseur important \u00e0 ce niveau. L\u2019artisanat nous a t\u00e9moign\u00e9 un grand int\u00e9r\u00eat et de nouveaux membres ont adh\u00e9r\u00e9 assez rapidement. Et ce, \u00e0 une \u00e9poque o\u00f9 la pr\u00e9voyance professionnelle s\u2019inscrivait encore dans une d\u00e9marche volontaire. Une coop\u00e9rative de pr\u00e9voyance vieillesse pour les collaborateurs des entreprises artisanales, cela a d\u2019embl\u00e9e convaincu. Naturellement, cela a engendr\u00e9 certaines r\u00e9sistances sur le march\u00e9 lorsque l\u2019Asga est apparue comme un nouveau concurrent s\u00e9rieux.<\/p>\t\t\t\t\t\t\t\t<\/div>\n\t\t\t\t<\/div>\n\t\t\t\t\t<\/div>\n\t\t<\/div>\n\t\t\t\t\t<\/div>\n\t\t<\/section>\n\t\t\t\t<section data-particle_enable=\"false\" data-particle-mobile-disabled=\"false\" class=\"elementor-section elementor-top-section elementor-element elementor-element-385b3456 elementor-section-full_width content-image-blockquote elementor-section-height-default elementor-section-height-default\" data-id=\"385b3456\" data-element_type=\"section\">\n\t\t\t\t\t\t<div class=\"elementor-container elementor-column-gap-default\">\n\t\t\t\t\t<div class=\"elementor-column elementor-col-50 elementor-top-column elementor-element elementor-element-34b484a0\" data-id=\"34b484a0\" data-element_type=\"column\">\n\t\t\t<div class=\"elementor-widget-wrap elementor-element-populated\">\n\t\t\t\t\t\t<div class=\"elementor-element elementor-element-6c471340 image-size-portrait elementor-widget elementor-widget-image\" data-id=\"6c471340\" data-element_type=\"widget\" data-widget_type=\"image.default\">\n\t\t\t\t<div class=\"elementor-widget-container\">\n\t\t\t\t\t\t\t\t\t\t\t\t\t\t\t\t<a href=\"https:\/\/www.asga.ch\/wp-content\/uploads\/bilder\/portraits\/guido-messmer.jpg\" data-elementor-open-lightbox=\"yes\" data-e-action-hash=\"#elementor-action%3Aaction%3Dlightbox%26settings%3DeyJpZCI6MTk1OTksInVybCI6Imh0dHBzOlwvXC93d3cuYXNnYS5jaFwvd3AtY29udGVudFwvdXBsb2Fkc1wvYmlsZGVyXC9wb3J0cmFpdHNcL2d1aWRvLW1lc3NtZXIuanBnIn0%3D\">\n\t\t\t\t\t\t\t<img fetchpriority=\"high\" decoding=\"async\" width=\"567\" height=\"850\" src=\"https:\/\/www.asga.ch\/wp-content\/uploads\/bilder\/portraits\/guido-messmer.jpg\" class=\"attachment-full size-full wp-image-19599\" alt=\"Guido Messmer\" srcset=\"https:\/\/www.asga.ch\/wp-content\/uploads\/bilder\/portraits\/guido-messmer.jpg 567w, https:\/\/www.asga.ch\/wp-content\/uploads\/bilder\/portraits\/guido-messmer-200x300.jpg 200w\" sizes=\"(max-width: 567px) 100vw, 567px\" \/>\t\t\t\t\t\t\t\t<\/a>\n\t\t\t\t\t\t\t\t\t\t\t\t\t\t\t<\/div>\n\t\t\t\t<\/div>\n\t\t\t\t\t<\/div>\n\t\t<\/div>\n\t\t\t\t<div class=\"elementor-column elementor-col-50 elementor-top-column elementor-element elementor-element-75f9a882\" data-id=\"75f9a882\" data-element_type=\"column\">\n\t\t\t<div class=\"elementor-widget-wrap elementor-element-populated\">\n\t\t\t\t\t\t<div class=\"elementor-element elementor-element-60a5ed9e elementor-blockquote--skin-clean elementor-blockquote--button-color-official elementor-widget elementor-widget-blockquote\" data-id=\"60a5ed9e\" data-element_type=\"widget\" data-widget_type=\"blockquote.default\">\n\t\t\t\t<div class=\"elementor-widget-container\">\n\t\t\t\t\t\t\t<blockquote class=\"elementor-blockquote\">\n\t\t\t<p class=\"elementor-blockquote__content\">\n\t\t\t\tUne coop\u00e9rative de pr\u00e9voyance vieillesse pour les collaborateurs des entreprises artisanales, cela a d\u2019embl\u00e9e convaincu.\t\t\t<\/p>\n\t\t\t\t\t<\/blockquote>\n\t\t\t\t\t\t<\/div>\n\t\t\t\t<\/div>\n\t\t\t\t\t<\/div>\n\t\t<\/div>\n\t\t\t\t\t<\/div>\n\t\t<\/section>\n\t\t\t\t<section data-particle_enable=\"false\" data-particle-mobile-disabled=\"false\" class=\"elementor-section elementor-top-section elementor-element elementor-element-f5fbedc content-image-text content-image-text-small-bild-links elementor-section-boxed elementor-section-height-default elementor-section-height-default\" data-id=\"f5fbedc\" data-element_type=\"section\">\n\t\t\t\t\t\t<div class=\"elementor-container elementor-column-gap-default\">\n\t\t\t\t\t<div class=\"elementor-column elementor-col-100 elementor-top-column elementor-element elementor-element-77a1e06\" data-id=\"77a1e06\" data-element_type=\"column\">\n\t\t\t<div class=\"elementor-widget-wrap elementor-element-populated\">\n\t\t\t\t\t\t<div class=\"elementor-element elementor-element-88278e1 has-normal-paragraph-style elementor-widget elementor-widget-text-editor\" data-id=\"88278e1\" data-element_type=\"widget\" data-widget_type=\"text-editor.default\">\n\t\t\t\t<div class=\"elementor-widget-container\">\n\t\t\t\t\t\t\t\t\t<h2>A quels d\u00e9fis l\u2019Asga \u00e9tait-elle confront\u00e9e \u00e0 ton \u00e9poque?<\/h2><p>Au d\u00e9part, le principal d\u00e9fi r\u00e9sidait dans la forte croissance. Lorsque j\u2019ai r\u00e9alis\u00e9 mes premiers comptes annuels en 1992, le total du bilan s\u2019\u00e9levait \u00e0 600\u00a0millions de francs, alors que vingt ans plus tard lors des derniers, il \u00e9tait de 8\u00a0milliards de francs. Notre croissance \u00e9tait sup\u00e9rieure \u00e0 notre capacit\u00e9 \u00e0 r\u00e9partir la masse de travail qui arrivait. Il \u00e9tait tr\u00e8s difficile de trouver de nouveaux collaborateurs. Il y avait tr\u00e8s peu de sp\u00e9cialistes de la pr\u00e9voyance dans la r\u00e9gion de Saint-Gall et nous avons donc toujours d\u00fb former pr\u00e9alablement les sp\u00e9cialistes nous-m\u00eames.<\/p><h2>L\u2019Asga peut-elle encore \u00eatre consid\u00e9r\u00e9e comme une pionni\u00e8re \u00e0 l\u2019heure actuelle?<\/h2><p>Je pense que oui. Il n\u2019y a pas d\u2019id\u00e9e concr\u00e8te qui me vienne \u00e0 l\u2019esprit, mais l\u2019Asga a toujours cherch\u00e9 \u00e0 proposer les meilleures solutions et de nouvelles variantes afin d\u2019offrir les meilleurs services \u00e0 faible co\u00fbt. Et elle continuera certainement de le faire \u00e0 l\u2019avenir.<\/p>\t\t\t\t\t\t\t\t<\/div>\n\t\t\t\t<\/div>\n\t\t\t\t\t<\/div>\n\t\t<\/div>\n\t\t\t\t\t<\/div>\n\t\t<\/section>\n\t\t\t\t<\/div>\n\t\t","protected":false},"excerpt":{"rendered":"<p>Guido Messmer chef des finances de l\u2019Asga de 1992 \u00e0 2012, membre de la direction \u00e0 partir de 1994 Lorsque tu te rem\u00e9mores le temps pass\u00e9 au sein de l\u2019Asga, quels sont les souvenirs les plus marquants? Bien des choses ont chang\u00e9 au cours des vingt derni\u00e8res ann\u00e9es. En r\u00e9alit\u00e9, il y a eu en [&hellip;]<\/p>\n","protected":false},"author":3,"featured_media":0,"parent":21642,"menu_order":0,"comment_status":"closed","ping_status":"closed","template":"","meta":{"_acf_changed":false,"_relevanssi_hide_post":"","_relevanssi_hide_content":"","_relevanssi_pin_for_all":"","_relevanssi_pin_keywords":"","_relevanssi_unpin_keywords":"","_relevanssi_related_keywords":"","_relevanssi_related_include_ids":"","_relevanssi_related_exclude_ids":"","_relevanssi_related_no_append":"","_relevanssi_related_not_related":"","_relevanssi_related_posts":"","_relevanssi_noindex_reason":"","footnotes":""},"class_list":["post-21737","page","type-page","status-publish","hentry"],"acf":[],"yoast_head":"<!-- This site is optimized with the Yoast SEO plugin v26.6 - https:\/\/yoast.com\/wordpress\/plugins\/seo\/ -->\n<title>Guido Messmer - Asga Pensionskasse<\/title>\n<meta name=\"robots\" content=\"index, follow, max-snippet:-1, max-image-preview:large, max-video-preview:-1\" \/>\n<link rel=\"canonical\" href=\"https:\/\/www.asga.ch\/fr\/a-propos-de-lasga\/60-ans-de-lasga\/guido-messmer\/\" \/>\n<meta property=\"og:locale\" content=\"fr_FR\" \/>\n<meta property=\"og:type\" content=\"article\" \/>\n<meta property=\"og:title\" content=\"Guido Messmer - Asga Pensionskasse\" \/>\n<meta property=\"og:description\" content=\"Guido Messmer chef des finances de l\u2019Asga de 1992 \u00e0 2012, membre de la direction \u00e0 partir de 1994 Lorsque tu te rem\u00e9mores le temps pass\u00e9 au sein de l\u2019Asga, quels sont les souvenirs les plus marquants? Bien des choses ont chang\u00e9 au cours des vingt derni\u00e8res ann\u00e9es. En r\u00e9alit\u00e9, il y a eu en [&hellip;]\" \/>\n<meta property=\"og:url\" content=\"https:\/\/www.asga.ch\/fr\/a-propos-de-lasga\/60-ans-de-lasga\/guido-messmer\/\" \/>\n<meta property=\"og:site_name\" content=\"Asga Pensionskasse\" \/>\n<meta property=\"article:modified_time\" content=\"2022-01-27T05:14:26+00:00\" \/>\n<meta property=\"og:image\" content=\"https:\/\/www.asga.ch\/wp-content\/uploads\/bilder\/portraits\/guido-messmer.jpg\" \/>\n<meta name=\"twitter:card\" content=\"summary_large_image\" \/>\n<meta name=\"twitter:label1\" content=\"Dur\u00e9e de lecture estim\u00e9e\" \/>\n\t<meta name=\"twitter:data1\" content=\"3 minutes\" \/>\n<script type=\"application\/ld+json\" class=\"yoast-schema-graph\">{\"@context\":\"https:\/\/schema.org\",\"@graph\":[{\"@type\":\"WebPage\",\"@id\":\"https:\/\/www.asga.ch\/fr\/a-propos-de-lasga\/60-ans-de-lasga\/guido-messmer\/\",\"url\":\"https:\/\/www.asga.ch\/fr\/a-propos-de-lasga\/60-ans-de-lasga\/guido-messmer\/\",\"name\":\"Guido Messmer - Asga Pensionskasse\",\"isPartOf\":{\"@id\":\"https:\/\/www.asga.ch\/fr\/#website\"},\"primaryImageOfPage\":{\"@id\":\"https:\/\/www.asga.ch\/fr\/a-propos-de-lasga\/60-ans-de-lasga\/guido-messmer\/#primaryimage\"},\"image\":{\"@id\":\"https:\/\/www.asga.ch\/fr\/a-propos-de-lasga\/60-ans-de-lasga\/guido-messmer\/#primaryimage\"},\"thumbnailUrl\":\"https:\/\/www.asga.ch\/wp-content\/uploads\/bilder\/portraits\/guido-messmer.jpg\",\"datePublished\":\"2022-01-27T05:12:51+00:00\",\"dateModified\":\"2022-01-27T05:14:26+00:00\",\"breadcrumb\":{\"@id\":\"https:\/\/www.asga.ch\/fr\/a-propos-de-lasga\/60-ans-de-lasga\/guido-messmer\/#breadcrumb\"},\"inLanguage\":\"fr-FR\",\"potentialAction\":[{\"@type\":\"ReadAction\",\"target\":[\"https:\/\/www.asga.ch\/fr\/a-propos-de-lasga\/60-ans-de-lasga\/guido-messmer\/\"]}]},{\"@type\":\"ImageObject\",\"inLanguage\":\"fr-FR\",\"@id\":\"https:\/\/www.asga.ch\/fr\/a-propos-de-lasga\/60-ans-de-lasga\/guido-messmer\/#primaryimage\",\"url\":\"https:\/\/www.asga.ch\/wp-content\/uploads\/bilder\/portraits\/guido-messmer.jpg\",\"contentUrl\":\"https:\/\/www.asga.ch\/wp-content\/uploads\/bilder\/portraits\/guido-messmer.jpg\"},{\"@type\":\"BreadcrumbList\",\"@id\":\"https:\/\/www.asga.ch\/fr\/a-propos-de-lasga\/60-ans-de-lasga\/guido-messmer\/#breadcrumb\",\"itemListElement\":[{\"@type\":\"ListItem\",\"position\":1,\"name\":\"Home\",\"item\":\"https:\/\/www.asga.ch\/fr\/\"},{\"@type\":\"ListItem\",\"position\":2,\"name\":\"A propos de l\u2019Asga\",\"item\":\"https:\/\/www.asga.ch\/fr\/ueber-asga\/\"},{\"@type\":\"ListItem\",\"position\":3,\"name\":\"60 ans de l\u2019Asga\",\"item\":\"https:\/\/www.asga.ch\/fr\/ueber-asga\/60-jahre\/\"},{\"@type\":\"ListItem\",\"position\":4,\"name\":\"Guido Messmer\"}]},{\"@type\":\"WebSite\",\"@id\":\"https:\/\/www.asga.ch\/fr\/#website\",\"url\":\"https:\/\/www.asga.ch\/fr\/\",\"name\":\"Asga Pensionskasse\",\"description\":\"\",\"publisher\":{\"@id\":\"https:\/\/www.asga.ch\/fr\/#organization\"},\"potentialAction\":[{\"@type\":\"SearchAction\",\"target\":{\"@type\":\"EntryPoint\",\"urlTemplate\":\"https:\/\/www.asga.ch\/fr\/?s={search_term_string}\"},\"query-input\":{\"@type\":\"PropertyValueSpecification\",\"valueRequired\":true,\"valueName\":\"search_term_string\"}}],\"inLanguage\":\"fr-FR\"},{\"@type\":\"Organization\",\"@id\":\"https:\/\/www.asga.ch\/fr\/#organization\",\"name\":\"Asga Pensionskasse\",\"url\":\"https:\/\/www.asga.ch\/fr\/\",\"logo\":{\"@type\":\"ImageObject\",\"inLanguage\":\"fr-FR\",\"@id\":\"https:\/\/www.asga.ch\/fr\/#\/schema\/logo\/image\/\",\"url\":\"https:\/\/www.asga.ch\/wp-content\/uploads\/system\/logo\/asga_logo-1.svg\",\"contentUrl\":\"https:\/\/www.asga.ch\/wp-content\/uploads\/system\/logo\/asga_logo-1.svg\",\"width\":390,\"height\":108,\"caption\":\"Asga Pensionskasse\"},\"image\":{\"@id\":\"https:\/\/www.asga.ch\/fr\/#\/schema\/logo\/image\/\"}}]}<\/script>\n<!-- \/ Yoast SEO plugin. -->","yoast_head_json":{"title":"Guido Messmer - Asga Pensionskasse","robots":{"index":"index","follow":"follow","max-snippet":"max-snippet:-1","max-image-preview":"max-image-preview:large","max-video-preview":"max-video-preview:-1"},"canonical":"https:\/\/www.asga.ch\/fr\/a-propos-de-lasga\/60-ans-de-lasga\/guido-messmer\/","og_locale":"fr_FR","og_type":"article","og_title":"Guido Messmer - Asga Pensionskasse","og_description":"Guido Messmer chef des finances de l\u2019Asga de 1992 \u00e0 2012, membre de la direction \u00e0 partir de 1994 Lorsque tu te rem\u00e9mores le temps pass\u00e9 au sein de l\u2019Asga, quels sont les souvenirs les plus marquants? Bien des choses ont chang\u00e9 au cours des vingt derni\u00e8res ann\u00e9es. En r\u00e9alit\u00e9, il y a eu en [&hellip;]","og_url":"https:\/\/www.asga.ch\/fr\/a-propos-de-lasga\/60-ans-de-lasga\/guido-messmer\/","og_site_name":"Asga Pensionskasse","article_modified_time":"2022-01-27T05:14:26+00:00","og_image":[{"url":"https:\/\/www.asga.ch\/wp-content\/uploads\/bilder\/portraits\/guido-messmer.jpg","type":"","width":"","height":""}],"twitter_card":"summary_large_image","twitter_misc":{"Dur\u00e9e de lecture estim\u00e9e":"3 minutes"},"schema":{"@context":"https:\/\/schema.org","@graph":[{"@type":"WebPage","@id":"https:\/\/www.asga.ch\/fr\/a-propos-de-lasga\/60-ans-de-lasga\/guido-messmer\/","url":"https:\/\/www.asga.ch\/fr\/a-propos-de-lasga\/60-ans-de-lasga\/guido-messmer\/","name":"Guido Messmer - Asga Pensionskasse","isPartOf":{"@id":"https:\/\/www.asga.ch\/fr\/#website"},"primaryImageOfPage":{"@id":"https:\/\/www.asga.ch\/fr\/a-propos-de-lasga\/60-ans-de-lasga\/guido-messmer\/#primaryimage"},"image":{"@id":"https:\/\/www.asga.ch\/fr\/a-propos-de-lasga\/60-ans-de-lasga\/guido-messmer\/#primaryimage"},"thumbnailUrl":"https:\/\/www.asga.ch\/wp-content\/uploads\/bilder\/portraits\/guido-messmer.jpg","datePublished":"2022-01-27T05:12:51+00:00","dateModified":"2022-01-27T05:14:26+00:00","breadcrumb":{"@id":"https:\/\/www.asga.ch\/fr\/a-propos-de-lasga\/60-ans-de-lasga\/guido-messmer\/#breadcrumb"},"inLanguage":"fr-FR","potentialAction":[{"@type":"ReadAction","target":["https:\/\/www.asga.ch\/fr\/a-propos-de-lasga\/60-ans-de-lasga\/guido-messmer\/"]}]},{"@type":"ImageObject","inLanguage":"fr-FR","@id":"https:\/\/www.asga.ch\/fr\/a-propos-de-lasga\/60-ans-de-lasga\/guido-messmer\/#primaryimage","url":"https:\/\/www.asga.ch\/wp-content\/uploads\/bilder\/portraits\/guido-messmer.jpg","contentUrl":"https:\/\/www.asga.ch\/wp-content\/uploads\/bilder\/portraits\/guido-messmer.jpg"},{"@type":"BreadcrumbList","@id":"https:\/\/www.asga.ch\/fr\/a-propos-de-lasga\/60-ans-de-lasga\/guido-messmer\/#breadcrumb","itemListElement":[{"@type":"ListItem","position":1,"name":"Home","item":"https:\/\/www.asga.ch\/fr\/"},{"@type":"ListItem","position":2,"name":"A propos de l\u2019Asga","item":"https:\/\/www.asga.ch\/fr\/ueber-asga\/"},{"@type":"ListItem","position":3,"name":"60 ans de l\u2019Asga","item":"https:\/\/www.asga.ch\/fr\/ueber-asga\/60-jahre\/"},{"@type":"ListItem","position":4,"name":"Guido Messmer"}]},{"@type":"WebSite","@id":"https:\/\/www.asga.ch\/fr\/#website","url":"https:\/\/www.asga.ch\/fr\/","name":"Asga Pensionskasse","description":"","publisher":{"@id":"https:\/\/www.asga.ch\/fr\/#organization"},"potentialAction":[{"@type":"SearchAction","target":{"@type":"EntryPoint","urlTemplate":"https:\/\/www.asga.ch\/fr\/?s={search_term_string}"},"query-input":{"@type":"PropertyValueSpecification","valueRequired":true,"valueName":"search_term_string"}}],"inLanguage":"fr-FR"},{"@type":"Organization","@id":"https:\/\/www.asga.ch\/fr\/#organization","name":"Asga Pensionskasse","url":"https:\/\/www.asga.ch\/fr\/","logo":{"@type":"ImageObject","inLanguage":"fr-FR","@id":"https:\/\/www.asga.ch\/fr\/#\/schema\/logo\/image\/","url":"https:\/\/www.asga.ch\/wp-content\/uploads\/system\/logo\/asga_logo-1.svg","contentUrl":"https:\/\/www.asga.ch\/wp-content\/uploads\/system\/logo\/asga_logo-1.svg","width":390,"height":108,"caption":"Asga Pensionskasse"},"image":{"@id":"https:\/\/www.asga.ch\/fr\/#\/schema\/logo\/image\/"}}]}},"_links":{"self":[{"href":"https:\/\/www.asga.ch\/fr\/wp-json\/wp\/v2\/pages\/21737","targetHints":{"allow":["GET"]}}],"collection":[{"href":"https:\/\/www.asga.ch\/fr\/wp-json\/wp\/v2\/pages"}],"about":[{"href":"https:\/\/www.asga.ch\/fr\/wp-json\/wp\/v2\/types\/page"}],"author":[{"embeddable":true,"href":"https:\/\/www.asga.ch\/fr\/wp-json\/wp\/v2\/users\/3"}],"replies":[{"embeddable":true,"href":"https:\/\/www.asga.ch\/fr\/wp-json\/wp\/v2\/comments?post=21737"}],"version-history":[{"count":0,"href":"https:\/\/www.asga.ch\/fr\/wp-json\/wp\/v2\/pages\/21737\/revisions"}],"up":[{"embeddable":true,"href":"https:\/\/www.asga.ch\/fr\/wp-json\/wp\/v2\/pages\/21642"}],"wp:attachment":[{"href":"https:\/\/www.asga.ch\/fr\/wp-json\/wp\/v2\/media?parent=21737"}],"curies":[{"name":"wp","href":"https:\/\/api.w.org\/{rel}","templated":true}]}}