{"id":21742,"date":"2022-01-27T05:14:48","date_gmt":"2022-01-27T05:14:48","guid":{"rendered":"https:\/\/neu.asga.ch\/?page_id=21742"},"modified":"2022-01-27T05:16:03","modified_gmt":"2022-01-27T05:16:03","slug":"guido-sutter","status":"publish","type":"page","link":"https:\/\/www.asga.ch\/fr\/a-propos-de-lasga\/60-ans-de-lasga\/guido-sutter\/","title":{"rendered":"Guido Sutter"},"content":{"rendered":"\t\t<div data-elementor-type=\"wp-page\" data-elementor-id=\"21742\" class=\"elementor elementor-21742 elementor-21441\" data-elementor-post-type=\"page\">\n\t\t\t\t\t\t<section data-particle_enable=\"false\" data-particle-mobile-disabled=\"false\" class=\"elementor-section elementor-top-section elementor-element elementor-element-2e86b6f elementor-section-full_width elementor-section-height-default elementor-section-height-default\" data-id=\"2e86b6f\" data-element_type=\"section\">\n\t\t\t\t\t\t<div class=\"elementor-container elementor-column-gap-default\">\n\t\t\t\t\t<div class=\"elementor-column elementor-col-66 elementor-top-column elementor-element elementor-element-c7594ca\" data-id=\"c7594ca\" data-element_type=\"column\">\n\t\t\t<div class=\"elementor-widget-wrap elementor-element-populated\">\n\t\t\t\t\t\t<div class=\"elementor-element elementor-element-c3c6a25 has-large-title-style elementor-widget elementor-widget-heading\" data-id=\"c3c6a25\" data-element_type=\"widget\" data-widget_type=\"heading.default\">\n\t\t\t\t<div class=\"elementor-widget-container\">\n\t\t\t\t\t<h1 class=\"elementor-heading-title elementor-size-default\">Guido Sutter<\/h1>\t\t\t\t<\/div>\n\t\t\t\t<\/div>\n\t\t\t\t<div class=\"elementor-element elementor-element-3ce5bc7 has-large-description-style elementor-widget elementor-widget-text-editor\" data-id=\"3ce5bc7\" data-element_type=\"widget\" data-widget_type=\"text-editor.default\">\n\t\t\t\t<div class=\"elementor-widget-container\">\n\t\t\t\t\t\t\t\t\t<p>membre du CA\/pr\u00e9sident du conseil d\u2019administration de 2006 \u00e0 2016<\/p>\t\t\t\t\t\t\t\t<\/div>\n\t\t\t\t<\/div>\n\t\t\t\t\t<\/div>\n\t\t<\/div>\n\t\t\t\t<div class=\"elementor-column elementor-col-33 elementor-top-column elementor-element elementor-element-b85a048 has-image-right\" data-id=\"b85a048\" data-element_type=\"column\">\n\t\t\t<div class=\"elementor-widget-wrap\">\n\t\t\t\t\t\t\t<\/div>\n\t\t<\/div>\n\t\t\t\t\t<\/div>\n\t\t<\/section>\n\t\t\t\t<section data-particle_enable=\"false\" data-particle-mobile-disabled=\"false\" class=\"elementor-section elementor-top-section elementor-element elementor-element-6c87e878 content-image-text content-image-text-small-bild-links elementor-section-boxed elementor-section-height-default elementor-section-height-default\" data-id=\"6c87e878\" data-element_type=\"section\">\n\t\t\t\t\t\t<div class=\"elementor-container elementor-column-gap-default\">\n\t\t\t\t\t<div class=\"elementor-column elementor-col-100 elementor-top-column elementor-element elementor-element-28d1e44a\" data-id=\"28d1e44a\" data-element_type=\"column\">\n\t\t\t<div class=\"elementor-widget-wrap elementor-element-populated\">\n\t\t\t\t\t\t<div class=\"elementor-element elementor-element-29c55c5d has-normal-paragraph-style elementor-widget elementor-widget-text-editor\" data-id=\"29c55c5d\" data-element_type=\"widget\" data-widget_type=\"text-editor.default\">\n\t\t\t\t<div class=\"elementor-widget-container\">\n\t\t\t\t\t\t\t\t\t<h2>En quoi l\u2019Asga est-elle une pionni\u00e8re?<\/h2><p>La mani\u00e8re dont l\u2019Asga a \u00e9t\u00e9 cr\u00e9\u00e9e en 1962 \u00e9tait d\u00e9j\u00e0 une \u0153uvre pionni\u00e8re. Les fondateurs avaient identifi\u00e9 le probl\u00e8me, ont imagin\u00e9 une solution et se sont dit: \u00abNous allons le faire.\u00bb Je pense qu\u2019\u00e0 l\u2019\u00e9poque, ils n\u2019\u00e9taient pas conscience de l\u2019\u00e9volution future de l\u2019Asga et de l\u2019importance de l\u2019acte qu\u2019ils posaient.<\/p><h2>&#8230;et que fait-elle de particulier?<\/h2><p>L\u2019Asga se distingue depuis le d\u00e9but par l\u2019id\u00e9e de la coop\u00e9rative. Malgr\u00e9 sa taille, elle n\u2019a jamais adopt\u00e9 la culture d\u2019un groupe et, selon moi, elle ne d\u00e9veloppera jamais les pr\u00e9mices d\u2019une soci\u00e9t\u00e9 cot\u00e9e en bourse. L\u2019Asga puise ses racines\u00a0\u2013\u00a0et donc aussi sa culture particuli\u00e8re\u00a0\u2013 dans l\u2019artisanat; en effet, la coop\u00e9ration avec les unions des arts et m\u00e9tiers s\u2019est av\u00e9r\u00e9e tr\u00e8s importante d\u00e8s le d\u00e9but. L\u2019entraide en tant qu\u2019id\u00e9e et but de la coop\u00e9rative \u00e9tait quelque chose de tr\u00e8s typique pour l\u2019\u00e9poque, \u00e0 tel point que, dans la mesure du possible, des contrats de construction, etc. \u00e9taient attribu\u00e9s aux membres de la coop\u00e9rative. Cela renfor\u00e7ait tout naturellement les valeurs communes.<\/p><p>L\u2019artisanat s\u2019est d\u00e9velopp\u00e9 au fil des d\u00e9cennies avec la croissance \u00e9conomique; tant en termes de nombre total que de tailles d\u2019exploitations, autrefois, une entreprise artisanale comptait g\u00e9n\u00e9ralement deux \u00e0 trois collaborateurs, tandis qu\u2019aujourd\u2019hui, les PME emploient jusqu\u2019\u00e0 100\u00a0personnes, voire davantage. L\u2019Asga s\u2019est toujours adapt\u00e9e \u00e0 cette \u00e9volution. M\u00eame avant mon mandat de pr\u00e9sident du conseil d\u2019administration de l\u2019Asga, j\u2019\u00e9tais d\u00e9j\u00e0 en contact avec le monde des caisses de pensions dans le cadre de mes activit\u00e9s professionnelles et l\u2019Asga avait toujours tr\u00e8s bonne r\u00e9putation, tant aupr\u00e8s des PME que des banques. C\u2019est une entreprise pr\u00e9visible, fiable et digne de confiance. Un bon partenaire, tout simplement.<\/p>\t\t\t\t\t\t\t\t<\/div>\n\t\t\t\t<\/div>\n\t\t\t\t\t<\/div>\n\t\t<\/div>\n\t\t\t\t\t<\/div>\n\t\t<\/section>\n\t\t\t\t<section data-particle_enable=\"false\" data-particle-mobile-disabled=\"false\" class=\"elementor-section elementor-top-section elementor-element elementor-element-385b3456 elementor-section-full_width content-image-blockquote elementor-section-height-default elementor-section-height-default\" data-id=\"385b3456\" data-element_type=\"section\">\n\t\t\t\t\t\t<div class=\"elementor-container elementor-column-gap-default\">\n\t\t\t\t\t<div class=\"elementor-column elementor-col-50 elementor-top-column elementor-element elementor-element-a4ec60c\" data-id=\"a4ec60c\" data-element_type=\"column\">\n\t\t\t<div class=\"elementor-widget-wrap elementor-element-populated\">\n\t\t\t\t\t\t<div class=\"elementor-element elementor-element-e86e720 elementor-widget elementor-widget-image\" data-id=\"e86e720\" data-element_type=\"widget\" data-widget_type=\"image.default\">\n\t\t\t\t<div class=\"elementor-widget-container\">\n\t\t\t\t\t\t\t\t\t\t\t\t\t\t\t<img fetchpriority=\"high\" decoding=\"async\" width=\"640\" height=\"427\" src=\"https:\/\/www.asga.ch\/wp-content\/uploads\/bilder\/portraits\/2015123_asga_guido_sutter_018-1024x683.jpg\" class=\"attachment-large size-large wp-image-21446\" alt=\"Guido Sutter\" srcset=\"https:\/\/www.asga.ch\/wp-content\/uploads\/bilder\/portraits\/2015123_asga_guido_sutter_018-1024x683.jpg 1024w, https:\/\/www.asga.ch\/wp-content\/uploads\/bilder\/portraits\/2015123_asga_guido_sutter_018-300x200.jpg 300w, https:\/\/www.asga.ch\/wp-content\/uploads\/bilder\/portraits\/2015123_asga_guido_sutter_018-768x512.jpg 768w, https:\/\/www.asga.ch\/wp-content\/uploads\/bilder\/portraits\/2015123_asga_guido_sutter_018-1536x1024.jpg 1536w, https:\/\/www.asga.ch\/wp-content\/uploads\/bilder\/portraits\/2015123_asga_guido_sutter_018-2048x1365.jpg 2048w\" sizes=\"(max-width: 640px) 100vw, 640px\" \/>\t\t\t\t\t\t\t\t\t\t\t\t\t\t\t<\/div>\n\t\t\t\t<\/div>\n\t\t\t\t\t<\/div>\n\t\t<\/div>\n\t\t\t\t<div class=\"elementor-column elementor-col-50 elementor-top-column elementor-element elementor-element-75f9a882\" data-id=\"75f9a882\" data-element_type=\"column\">\n\t\t\t<div class=\"elementor-widget-wrap elementor-element-populated\">\n\t\t\t\t\t\t<div class=\"elementor-element elementor-element-60a5ed9e elementor-blockquote--skin-clean elementor-blockquote--button-color-official elementor-widget elementor-widget-blockquote\" data-id=\"60a5ed9e\" data-element_type=\"widget\" data-widget_type=\"blockquote.default\">\n\t\t\t\t<div class=\"elementor-widget-container\">\n\t\t\t\t\t\t\t<blockquote class=\"elementor-blockquote\">\n\t\t\t<p class=\"elementor-blockquote__content\">\n\t\t\t\tLes fondateurs de l\u2019Asga \u00e9taient des gens d\u2019action, lorsqu\u2019ils identifiaient un probl\u00e8me, ils le r\u00e9solvaient.\t\t\t<\/p>\n\t\t\t\t\t<\/blockquote>\n\t\t\t\t\t\t<\/div>\n\t\t\t\t<\/div>\n\t\t\t\t\t<\/div>\n\t\t<\/div>\n\t\t\t\t\t<\/div>\n\t\t<\/section>\n\t\t\t\t<section data-particle_enable=\"false\" data-particle-mobile-disabled=\"false\" class=\"elementor-section elementor-top-section elementor-element elementor-element-fa74013 content-image-text content-image-text-small-bild-links elementor-section-boxed elementor-section-height-default elementor-section-height-default\" data-id=\"fa74013\" data-element_type=\"section\">\n\t\t\t\t\t\t<div class=\"elementor-container elementor-column-gap-default\">\n\t\t\t\t\t<div class=\"elementor-column elementor-col-100 elementor-top-column elementor-element elementor-element-e4b1983\" data-id=\"e4b1983\" data-element_type=\"column\">\n\t\t\t<div class=\"elementor-widget-wrap elementor-element-populated\">\n\t\t\t\t\t\t<div class=\"elementor-element elementor-element-32167e5 has-normal-paragraph-style elementor-widget elementor-widget-text-editor\" data-id=\"32167e5\" data-element_type=\"widget\" data-widget_type=\"text-editor.default\">\n\t\t\t\t<div class=\"elementor-widget-container\">\n\t\t\t\t\t\t\t\t\t<h2>Une caisse de pensions peut-elle encore \u00eatre consid\u00e9r\u00e9e comme une pionni\u00e8re?<\/h2><p>Aujourd\u2019hui, il n\u2019y a plus beaucoup de place pour les coups de ma\u00eetre. C\u2019\u00e9tait d\u00e9j\u00e0 le cas lorsque j\u2019\u00e9tais au conseil d\u2019administration de l\u2019Asga; \u00e7a l\u2019est toujours pour mes successeurs. Mais les fondateurs \u00e9taient encore de v\u00e9ritables pionniers; ils ont eu une id\u00e9e et se sont jet\u00e9s \u00e0 l\u2019eau. Quant \u00e0 nous, nous avons en revanche d\u00fb \u00e9voluer dans le cadre d\u2019une l\u00e9gislation devenue tr\u00e8s r\u00e9glement\u00e9e et rester sur la voie de la politique sociale. Notre mission consistait \u00e0 g\u00e9rer les risques et \u00e0 adapter l\u2019Asga aux changements constants. J\u2019ai du mal \u00e0 imaginer qu\u2019aujourd\u2019hui, un tel coup de ma\u00eetre, une telle \u0153uvre pionni\u00e8re au sens de l\u2019\u00e9poque, soit encore possible dans l\u2019univers des caisses de pensions.<\/p><h2>Qu\u2019est-ce que la forte croissance de l\u2019Asga a entra\u00een\u00e9?<\/h2><p>Au cours des dix derni\u00e8res ann\u00e9es, la taille de l\u2019Asga a plus ou moins doubl\u00e9. Selon moi, cela tient essentiellement \u00e0 la concentration du march\u00e9 et au professionnalisme de l\u2019Asga. De nombreuses PME n\u2019ont plus voulu et pu assumer elles-m\u00eames la responsabilit\u00e9 des promesses de pr\u00e9voyance et ont donc dissout leurs propres caisses de pensions. Une part consid\u00e9rable d\u2019entre elles est arriv\u00e9e \u00e0 l\u2019Asga. Et la question d\u2019une croissance raisonnable et saine se pose alors de fa\u00e7on r\u00e9currente pour chaque caisse de pensions. Pour quelles raisons souhaite-t-on cro\u00eetre et comment renforcer sa position concurrentielle? La croissance en tant que telle ne peut pas \u00eatre l\u2019objectif d\u2019une caisse de pensions. Il importe beaucoup plus de maintenir la qualit\u00e9 et la stabilit\u00e9 malgr\u00e9 la croissance et, si possible, de les am\u00e9liorer. Une base saine et une s\u00e9curit\u00e9 \u00e0 long terme sont par exemple r\u00e9v\u00e9l\u00e9es par un bon rapport entre actifs et rentiers. Et de surcro\u00eet pour faire face \u00e0 la croissance acc\u00e9l\u00e9r\u00e9e, l\u2019organisation doit \u00eatre professionnalis\u00e9e. Les ma\u00eetres-mots sont: Asset and Liability, gestion des risques, transparence et Corporate Governance. Je pense qu\u2019ici l\u2019Asga a fait du tr\u00e8s bon travail jusqu\u2019\u00e0 pr\u00e9sent. Elle se distingue aussi par l\u2019esprit d\u2019\u00e9quipe, la bonne ambiance de travail et l\u2019orientation vers les performances des collaborateurs. Peut-\u00eatre peut-on m\u00eame affirmer qu\u2019elle est aussi un peu pionni\u00e8re dans ces domaines.<\/p>\t\t\t\t\t\t\t\t<\/div>\n\t\t\t\t<\/div>\n\t\t\t\t\t<\/div>\n\t\t<\/div>\n\t\t\t\t\t<\/div>\n\t\t<\/section>\n\t\t\t\t<\/div>\n\t\t","protected":false},"excerpt":{"rendered":"<p>Guido Sutter membre du CA\/pr\u00e9sident du conseil d\u2019administration de 2006 \u00e0 2016 En quoi l\u2019Asga est-elle une pionni\u00e8re? La mani\u00e8re dont l\u2019Asga a \u00e9t\u00e9 cr\u00e9\u00e9e en 1962 \u00e9tait d\u00e9j\u00e0 une \u0153uvre pionni\u00e8re. Les fondateurs avaient identifi\u00e9 le probl\u00e8me, ont imagin\u00e9 une solution et se sont dit: \u00abNous allons le faire.\u00bb Je pense qu\u2019\u00e0 l\u2019\u00e9poque, ils [&hellip;]<\/p>\n","protected":false},"author":3,"featured_media":0,"parent":21642,"menu_order":0,"comment_status":"closed","ping_status":"closed","template":"","meta":{"_acf_changed":false,"_relevanssi_hide_post":"","_relevanssi_hide_content":"","_relevanssi_pin_for_all":"","_relevanssi_pin_keywords":"","_relevanssi_unpin_keywords":"","_relevanssi_related_keywords":"","_relevanssi_related_include_ids":"","_relevanssi_related_exclude_ids":"","_relevanssi_related_no_append":"","_relevanssi_related_not_related":"","_relevanssi_related_posts":"","_relevanssi_noindex_reason":"","footnotes":""},"class_list":["post-21742","page","type-page","status-publish","hentry"],"acf":[],"yoast_head":"<!-- This site is optimized with the Yoast SEO plugin v26.6 - https:\/\/yoast.com\/wordpress\/plugins\/seo\/ -->\n<title>Guido Sutter - Asga Pensionskasse<\/title>\n<meta name=\"robots\" content=\"index, follow, max-snippet:-1, max-image-preview:large, max-video-preview:-1\" \/>\n<link rel=\"canonical\" href=\"https:\/\/www.asga.ch\/fr\/a-propos-de-lasga\/60-ans-de-lasga\/guido-sutter\/\" \/>\n<meta property=\"og:locale\" content=\"fr_FR\" \/>\n<meta property=\"og:type\" content=\"article\" \/>\n<meta property=\"og:title\" content=\"Guido Sutter - Asga Pensionskasse\" \/>\n<meta property=\"og:description\" content=\"Guido Sutter membre du CA\/pr\u00e9sident du conseil d\u2019administration de 2006 \u00e0 2016 En quoi l\u2019Asga est-elle une pionni\u00e8re? La mani\u00e8re dont l\u2019Asga a \u00e9t\u00e9 cr\u00e9\u00e9e en 1962 \u00e9tait d\u00e9j\u00e0 une \u0153uvre pionni\u00e8re. Les fondateurs avaient identifi\u00e9 le probl\u00e8me, ont imagin\u00e9 une solution et se sont dit: \u00abNous allons le faire.\u00bb Je pense qu\u2019\u00e0 l\u2019\u00e9poque, ils [&hellip;]\" \/>\n<meta property=\"og:url\" content=\"https:\/\/www.asga.ch\/fr\/a-propos-de-lasga\/60-ans-de-lasga\/guido-sutter\/\" \/>\n<meta property=\"og:site_name\" content=\"Asga Pensionskasse\" \/>\n<meta property=\"article:modified_time\" content=\"2022-01-27T05:16:03+00:00\" \/>\n<meta property=\"og:image\" content=\"https:\/\/www.asga.ch\/wp-content\/uploads\/bilder\/portraits\/2015123_asga_guido_sutter_018-1024x683.jpg\" \/>\n<meta name=\"twitter:card\" content=\"summary_large_image\" \/>\n<meta name=\"twitter:label1\" content=\"Dur\u00e9e de lecture estim\u00e9e\" \/>\n\t<meta name=\"twitter:data1\" content=\"4 minutes\" \/>\n<script type=\"application\/ld+json\" class=\"yoast-schema-graph\">{\"@context\":\"https:\/\/schema.org\",\"@graph\":[{\"@type\":\"WebPage\",\"@id\":\"https:\/\/www.asga.ch\/fr\/a-propos-de-lasga\/60-ans-de-lasga\/guido-sutter\/\",\"url\":\"https:\/\/www.asga.ch\/fr\/a-propos-de-lasga\/60-ans-de-lasga\/guido-sutter\/\",\"name\":\"Guido Sutter - Asga Pensionskasse\",\"isPartOf\":{\"@id\":\"https:\/\/www.asga.ch\/fr\/#website\"},\"primaryImageOfPage\":{\"@id\":\"https:\/\/www.asga.ch\/fr\/a-propos-de-lasga\/60-ans-de-lasga\/guido-sutter\/#primaryimage\"},\"image\":{\"@id\":\"https:\/\/www.asga.ch\/fr\/a-propos-de-lasga\/60-ans-de-lasga\/guido-sutter\/#primaryimage\"},\"thumbnailUrl\":\"https:\/\/www.asga.ch\/wp-content\/uploads\/bilder\/portraits\/2015123_asga_guido_sutter_018-1024x683.jpg\",\"datePublished\":\"2022-01-27T05:14:48+00:00\",\"dateModified\":\"2022-01-27T05:16:03+00:00\",\"breadcrumb\":{\"@id\":\"https:\/\/www.asga.ch\/fr\/a-propos-de-lasga\/60-ans-de-lasga\/guido-sutter\/#breadcrumb\"},\"inLanguage\":\"fr-FR\",\"potentialAction\":[{\"@type\":\"ReadAction\",\"target\":[\"https:\/\/www.asga.ch\/fr\/a-propos-de-lasga\/60-ans-de-lasga\/guido-sutter\/\"]}]},{\"@type\":\"ImageObject\",\"inLanguage\":\"fr-FR\",\"@id\":\"https:\/\/www.asga.ch\/fr\/a-propos-de-lasga\/60-ans-de-lasga\/guido-sutter\/#primaryimage\",\"url\":\"https:\/\/www.asga.ch\/wp-content\/uploads\/bilder\/portraits\/2015123_asga_guido_sutter_018-1024x683.jpg\",\"contentUrl\":\"https:\/\/www.asga.ch\/wp-content\/uploads\/bilder\/portraits\/2015123_asga_guido_sutter_018-1024x683.jpg\"},{\"@type\":\"BreadcrumbList\",\"@id\":\"https:\/\/www.asga.ch\/fr\/a-propos-de-lasga\/60-ans-de-lasga\/guido-sutter\/#breadcrumb\",\"itemListElement\":[{\"@type\":\"ListItem\",\"position\":1,\"name\":\"Home\",\"item\":\"https:\/\/www.asga.ch\/fr\/\"},{\"@type\":\"ListItem\",\"position\":2,\"name\":\"A propos de l\u2019Asga\",\"item\":\"https:\/\/www.asga.ch\/fr\/ueber-asga\/\"},{\"@type\":\"ListItem\",\"position\":3,\"name\":\"60 ans de l\u2019Asga\",\"item\":\"https:\/\/www.asga.ch\/fr\/ueber-asga\/60-jahre\/\"},{\"@type\":\"ListItem\",\"position\":4,\"name\":\"Guido Sutter\"}]},{\"@type\":\"WebSite\",\"@id\":\"https:\/\/www.asga.ch\/fr\/#website\",\"url\":\"https:\/\/www.asga.ch\/fr\/\",\"name\":\"Asga Pensionskasse\",\"description\":\"\",\"publisher\":{\"@id\":\"https:\/\/www.asga.ch\/fr\/#organization\"},\"potentialAction\":[{\"@type\":\"SearchAction\",\"target\":{\"@type\":\"EntryPoint\",\"urlTemplate\":\"https:\/\/www.asga.ch\/fr\/?s={search_term_string}\"},\"query-input\":{\"@type\":\"PropertyValueSpecification\",\"valueRequired\":true,\"valueName\":\"search_term_string\"}}],\"inLanguage\":\"fr-FR\"},{\"@type\":\"Organization\",\"@id\":\"https:\/\/www.asga.ch\/fr\/#organization\",\"name\":\"Asga Pensionskasse\",\"url\":\"https:\/\/www.asga.ch\/fr\/\",\"logo\":{\"@type\":\"ImageObject\",\"inLanguage\":\"fr-FR\",\"@id\":\"https:\/\/www.asga.ch\/fr\/#\/schema\/logo\/image\/\",\"url\":\"https:\/\/www.asga.ch\/wp-content\/uploads\/system\/logo\/asga_logo-1.svg\",\"contentUrl\":\"https:\/\/www.asga.ch\/wp-content\/uploads\/system\/logo\/asga_logo-1.svg\",\"width\":390,\"height\":108,\"caption\":\"Asga Pensionskasse\"},\"image\":{\"@id\":\"https:\/\/www.asga.ch\/fr\/#\/schema\/logo\/image\/\"}}]}<\/script>\n<!-- \/ Yoast SEO plugin. -->","yoast_head_json":{"title":"Guido Sutter - Asga Pensionskasse","robots":{"index":"index","follow":"follow","max-snippet":"max-snippet:-1","max-image-preview":"max-image-preview:large","max-video-preview":"max-video-preview:-1"},"canonical":"https:\/\/www.asga.ch\/fr\/a-propos-de-lasga\/60-ans-de-lasga\/guido-sutter\/","og_locale":"fr_FR","og_type":"article","og_title":"Guido Sutter - Asga Pensionskasse","og_description":"Guido Sutter membre du CA\/pr\u00e9sident du conseil d\u2019administration de 2006 \u00e0 2016 En quoi l\u2019Asga est-elle une pionni\u00e8re? La mani\u00e8re dont l\u2019Asga a \u00e9t\u00e9 cr\u00e9\u00e9e en 1962 \u00e9tait d\u00e9j\u00e0 une \u0153uvre pionni\u00e8re. Les fondateurs avaient identifi\u00e9 le probl\u00e8me, ont imagin\u00e9 une solution et se sont dit: \u00abNous allons le faire.\u00bb Je pense qu\u2019\u00e0 l\u2019\u00e9poque, ils [&hellip;]","og_url":"https:\/\/www.asga.ch\/fr\/a-propos-de-lasga\/60-ans-de-lasga\/guido-sutter\/","og_site_name":"Asga Pensionskasse","article_modified_time":"2022-01-27T05:16:03+00:00","og_image":[{"url":"https:\/\/www.asga.ch\/wp-content\/uploads\/bilder\/portraits\/2015123_asga_guido_sutter_018-1024x683.jpg","type":"","width":"","height":""}],"twitter_card":"summary_large_image","twitter_misc":{"Dur\u00e9e de lecture estim\u00e9e":"4 minutes"},"schema":{"@context":"https:\/\/schema.org","@graph":[{"@type":"WebPage","@id":"https:\/\/www.asga.ch\/fr\/a-propos-de-lasga\/60-ans-de-lasga\/guido-sutter\/","url":"https:\/\/www.asga.ch\/fr\/a-propos-de-lasga\/60-ans-de-lasga\/guido-sutter\/","name":"Guido Sutter - Asga Pensionskasse","isPartOf":{"@id":"https:\/\/www.asga.ch\/fr\/#website"},"primaryImageOfPage":{"@id":"https:\/\/www.asga.ch\/fr\/a-propos-de-lasga\/60-ans-de-lasga\/guido-sutter\/#primaryimage"},"image":{"@id":"https:\/\/www.asga.ch\/fr\/a-propos-de-lasga\/60-ans-de-lasga\/guido-sutter\/#primaryimage"},"thumbnailUrl":"https:\/\/www.asga.ch\/wp-content\/uploads\/bilder\/portraits\/2015123_asga_guido_sutter_018-1024x683.jpg","datePublished":"2022-01-27T05:14:48+00:00","dateModified":"2022-01-27T05:16:03+00:00","breadcrumb":{"@id":"https:\/\/www.asga.ch\/fr\/a-propos-de-lasga\/60-ans-de-lasga\/guido-sutter\/#breadcrumb"},"inLanguage":"fr-FR","potentialAction":[{"@type":"ReadAction","target":["https:\/\/www.asga.ch\/fr\/a-propos-de-lasga\/60-ans-de-lasga\/guido-sutter\/"]}]},{"@type":"ImageObject","inLanguage":"fr-FR","@id":"https:\/\/www.asga.ch\/fr\/a-propos-de-lasga\/60-ans-de-lasga\/guido-sutter\/#primaryimage","url":"https:\/\/www.asga.ch\/wp-content\/uploads\/bilder\/portraits\/2015123_asga_guido_sutter_018-1024x683.jpg","contentUrl":"https:\/\/www.asga.ch\/wp-content\/uploads\/bilder\/portraits\/2015123_asga_guido_sutter_018-1024x683.jpg"},{"@type":"BreadcrumbList","@id":"https:\/\/www.asga.ch\/fr\/a-propos-de-lasga\/60-ans-de-lasga\/guido-sutter\/#breadcrumb","itemListElement":[{"@type":"ListItem","position":1,"name":"Home","item":"https:\/\/www.asga.ch\/fr\/"},{"@type":"ListItem","position":2,"name":"A propos de l\u2019Asga","item":"https:\/\/www.asga.ch\/fr\/ueber-asga\/"},{"@type":"ListItem","position":3,"name":"60 ans de l\u2019Asga","item":"https:\/\/www.asga.ch\/fr\/ueber-asga\/60-jahre\/"},{"@type":"ListItem","position":4,"name":"Guido Sutter"}]},{"@type":"WebSite","@id":"https:\/\/www.asga.ch\/fr\/#website","url":"https:\/\/www.asga.ch\/fr\/","name":"Asga Pensionskasse","description":"","publisher":{"@id":"https:\/\/www.asga.ch\/fr\/#organization"},"potentialAction":[{"@type":"SearchAction","target":{"@type":"EntryPoint","urlTemplate":"https:\/\/www.asga.ch\/fr\/?s={search_term_string}"},"query-input":{"@type":"PropertyValueSpecification","valueRequired":true,"valueName":"search_term_string"}}],"inLanguage":"fr-FR"},{"@type":"Organization","@id":"https:\/\/www.asga.ch\/fr\/#organization","name":"Asga Pensionskasse","url":"https:\/\/www.asga.ch\/fr\/","logo":{"@type":"ImageObject","inLanguage":"fr-FR","@id":"https:\/\/www.asga.ch\/fr\/#\/schema\/logo\/image\/","url":"https:\/\/www.asga.ch\/wp-content\/uploads\/system\/logo\/asga_logo-1.svg","contentUrl":"https:\/\/www.asga.ch\/wp-content\/uploads\/system\/logo\/asga_logo-1.svg","width":390,"height":108,"caption":"Asga Pensionskasse"},"image":{"@id":"https:\/\/www.asga.ch\/fr\/#\/schema\/logo\/image\/"}}]}},"_links":{"self":[{"href":"https:\/\/www.asga.ch\/fr\/wp-json\/wp\/v2\/pages\/21742","targetHints":{"allow":["GET"]}}],"collection":[{"href":"https:\/\/www.asga.ch\/fr\/wp-json\/wp\/v2\/pages"}],"about":[{"href":"https:\/\/www.asga.ch\/fr\/wp-json\/wp\/v2\/types\/page"}],"author":[{"embeddable":true,"href":"https:\/\/www.asga.ch\/fr\/wp-json\/wp\/v2\/users\/3"}],"replies":[{"embeddable":true,"href":"https:\/\/www.asga.ch\/fr\/wp-json\/wp\/v2\/comments?post=21742"}],"version-history":[{"count":0,"href":"https:\/\/www.asga.ch\/fr\/wp-json\/wp\/v2\/pages\/21742\/revisions"}],"up":[{"embeddable":true,"href":"https:\/\/www.asga.ch\/fr\/wp-json\/wp\/v2\/pages\/21642"}],"wp:attachment":[{"href":"https:\/\/www.asga.ch\/fr\/wp-json\/wp\/v2\/media?parent=21742"}],"curies":[{"name":"wp","href":"https:\/\/api.w.org\/{rel}","templated":true}]}}