{"id":32475,"date":"2022-03-07T14:22:03","date_gmt":"2022-03-07T13:22:03","guid":{"rendered":"https:\/\/www.asga.ch\/?page_id=32475"},"modified":"2022-03-11T15:34:35","modified_gmt":"2022-03-11T14:34:35","slug":"sigg","status":"publish","type":"page","link":"https:\/\/www.asga.ch\/it\/chi-siamo\/asga-compie-60-anni\/sigg\/","title":{"rendered":"SIGG"},"content":{"rendered":"\t\t<div data-elementor-type=\"wp-page\" data-elementor-id=\"32475\" class=\"elementor elementor-32475 elementor-32387\" data-elementor-post-type=\"page\">\n\t\t\t\t\t\t<section data-particle_enable=\"false\" data-particle-mobile-disabled=\"false\" class=\"elementor-section elementor-top-section elementor-element elementor-element-718dbdb5 elementor-section-full_width titlearea-detail-page elementor-section-height-default elementor-section-height-default\" data-id=\"718dbdb5\" data-element_type=\"section\" data-settings=\"{&quot;background_background&quot;:&quot;classic&quot;}\">\n\t\t\t\t\t\t<div class=\"elementor-container elementor-column-gap-default\">\n\t\t\t\t\t<div class=\"elementor-column elementor-col-100 elementor-top-column elementor-element elementor-element-5be7a556\" data-id=\"5be7a556\" data-element_type=\"column\">\n\t\t\t<div class=\"elementor-widget-wrap elementor-element-populated\">\n\t\t\t\t\t\t<div class=\"elementor-element elementor-element-514f5e11 elementor-widget elementor-widget-theme-post-title elementor-page-title elementor-widget-heading\" data-id=\"514f5e11\" data-element_type=\"widget\" data-widget_type=\"theme-post-title.default\">\n\t\t\t\t<div class=\"elementor-widget-container\">\n\t\t\t\t\t<h1 class=\"elementor-heading-title elementor-size-default\">SIGG<\/h1>\t\t\t\t<\/div>\n\t\t\t\t<\/div>\n\t\t\t\t<div class=\"elementor-element elementor-element-15782877 elementor-widget elementor-widget-breadcrumbs\" data-id=\"15782877\" data-element_type=\"widget\" data-widget_type=\"breadcrumbs.default\">\n\t\t\t\t<div class=\"elementor-widget-container\">\n\t\t\t\t\t<p id=\"breadcrumbs\"><span><span><a href=\"https:\/\/www.asga.ch\/it\/\">Home<\/a><\/span><\/span><\/p>\t\t\t\t<\/div>\n\t\t\t\t<\/div>\n\t\t\t\t<div class=\"elementor-element elementor-element-6284f024 has-verysmall-description-style elementor-widget elementor-widget-heading\" data-id=\"6284f024\" data-element_type=\"widget\" data-widget_type=\"heading.default\">\n\t\t\t\t<div class=\"elementor-widget-container\">\n\t\t\t\t\t<h6 class=\"elementor-heading-title elementor-size-default\">Ritratto dei soci<\/h6>\t\t\t\t<\/div>\n\t\t\t\t<\/div>\n\t\t\t\t<div class=\"elementor-element elementor-element-703bcee5 has-large-title-style  elementor-widget elementor-widget-heading\" data-id=\"703bcee5\" data-element_type=\"widget\" data-widget_type=\"heading.default\">\n\t\t\t\t<div class=\"elementor-widget-container\">\n\t\t\t\t\t<h1 class=\"elementor-heading-title elementor-size-default\">SIGG \u2013 la quintessenza dell\u2019utilit\u00e0<\/h1>\t\t\t\t<\/div>\n\t\t\t\t<\/div>\n\t\t\t\t<div class=\"elementor-element elementor-element-5ce79e67 scroll-to-content elementor-view-default elementor-widget elementor-widget-icon\" data-id=\"5ce79e67\" data-element_type=\"widget\" data-widget_type=\"icon.default\">\n\t\t\t\t<div class=\"elementor-widget-container\">\n\t\t\t\t\t\t\t<div class=\"elementor-icon-wrapper\">\n\t\t\t<a class=\"elementor-icon\" href=\"\/\">\n\t\t\t<i aria-hidden=\"true\" class=\"asgaah asgaah-icon-arrow-slide-down\"><\/i>\t\t\t<\/a>\n\t\t<\/div>\n\t\t\t\t\t\t<\/div>\n\t\t\t\t<\/div>\n\t\t\t\t\t<\/div>\n\t\t<\/div>\n\t\t\t\t\t<\/div>\n\t\t<\/section>\n\t\t\t\t<section data-particle_enable=\"false\" data-particle-mobile-disabled=\"false\" class=\"elementor-section elementor-top-section elementor-element elementor-element-7de37bb1 elementor-section-full_width elementor-section-height-default elementor-section-height-default\" data-id=\"7de37bb1\" data-element_type=\"section\">\n\t\t\t\t\t\t<div class=\"elementor-container elementor-column-gap-default\">\n\t\t\t\t\t<div class=\"elementor-column elementor-col-50 elementor-top-column elementor-element elementor-element-4a2bc59a\" data-id=\"4a2bc59a\" data-element_type=\"column\">\n\t\t\t<div class=\"elementor-widget-wrap elementor-element-populated\">\n\t\t\t\t\t\t<div class=\"elementor-element elementor-element-787f0a3a has-large-description-style elementor-widget elementor-widget-text-editor\" data-id=\"787f0a3a\" data-element_type=\"widget\" data-widget_type=\"text-editor.default\">\n\t\t\t\t<div class=\"elementor-widget-container\">\n\t\t\t\t\t\t\t\t\t<p>La storia di SIGG Switzerland Bottles SA inizia nel 1908. Ferdinand Sigg, specialista della lavorazione dei metalli, fonda una fabbrica di prodotti in alluminio. Il suo amore per il metallo e la sua convinzione che l\u2019alluminio sia il materiale del futuro portano al successo: l\u2019azienda cresce e si espande rapidamente.<\/p>\t\t\t\t\t\t\t\t<\/div>\n\t\t\t\t<\/div>\n\t\t\t\t<div class=\"elementor-element elementor-element-29c55c5d has-normal-paragraph-style elementor-widget elementor-widget-text-editor\" data-id=\"29c55c5d\" data-element_type=\"widget\" data-widget_type=\"text-editor.default\">\n\t\t\t\t<div class=\"elementor-widget-container\">\n\t\t\t\t\t\t\t\t\t<p>Nel corso del tempo conquista brillantemente nuovi mercati con nuove idee. A distanza di 50 anni, la gamma di casalinghi in alluminio comprende gi\u00e0 oltre 10&#8217;000 prodotti. Negli anni \u201950 e \u201960 gli oggetti d\u2019uso quotidiano in alluminio firmati SIGG sono presenti in ogni casa svizzera. Dallo scolainsalata al pentolino per il latte fino agli utensili da forno, dai barattoli all\u2019affettauova, dall\u2019umidificatore per biancheria ai copricatena per biciclette: i prodotti Sigg sono parte integrante della vita quotidiana in Svizzera.<\/p>\t\t\t\t\t\t\t\t<\/div>\n\t\t\t\t<\/div>\n\t\t\t\t\t<\/div>\n\t\t<\/div>\n\t\t\t\t<div class=\"elementor-column elementor-col-50 elementor-top-column elementor-element elementor-element-3f48073a\" data-id=\"3f48073a\" data-element_type=\"column\">\n\t\t\t<div class=\"elementor-widget-wrap\">\n\t\t\t\t\t\t\t<\/div>\n\t\t<\/div>\n\t\t\t\t\t<\/div>\n\t\t<\/section>\n\t\t\t\t<section data-particle_enable=\"false\" data-particle-mobile-disabled=\"false\" class=\"elementor-section elementor-top-section elementor-element elementor-element-1c91dde elementor-section-full_width elementor-section-height-default elementor-section-height-default\" data-id=\"1c91dde\" data-element_type=\"section\">\n\t\t\t\t\t\t<div class=\"elementor-container elementor-column-gap-default\">\n\t\t\t\t\t<div class=\"elementor-column elementor-col-50 elementor-top-column elementor-element elementor-element-6be8bb6\" data-id=\"6be8bb6\" data-element_type=\"column\">\n\t\t\t<div class=\"elementor-widget-wrap elementor-element-populated\">\n\t\t\t\t\t\t<div class=\"elementor-element elementor-element-54492e1 elementor-widget elementor-widget-image\" data-id=\"54492e1\" data-element_type=\"widget\" data-widget_type=\"image.default\">\n\t\t\t\t<div class=\"elementor-widget-container\">\n\t\t\t\t\t\t\t\t\t\t\t\t<figure class=\"wp-caption\">\n\t\t\t\t\t\t\t\t\t\t<img fetchpriority=\"high\" decoding=\"async\" width=\"612\" height=\"702\" src=\"https:\/\/www.asga.ch\/wp-content\/uploads\/bilder\/diverse\/sigg_history_images_4.jpg\" class=\"attachment-large size-large wp-image-32411\" alt=\"vier Fotos der Geschichte von SIGG\" srcset=\"https:\/\/www.asga.ch\/wp-content\/uploads\/bilder\/diverse\/sigg_history_images_4.jpg 612w, https:\/\/www.asga.ch\/wp-content\/uploads\/bilder\/diverse\/sigg_history_images_4-262x300.jpg 262w\" sizes=\"(max-width: 612px) 100vw, 612px\" \/>\t\t\t\t\t\t\t\t\t\t\t<figcaption class=\"widget-image-caption wp-caption-text\"><\/figcaption>\n\t\t\t\t\t\t\t\t\t\t<\/figure>\n\t\t\t\t\t\t\t\t\t<\/div>\n\t\t\t\t<\/div>\n\t\t\t\t\t<\/div>\n\t\t<\/div>\n\t\t\t\t<div class=\"elementor-column elementor-col-50 elementor-top-column elementor-element elementor-element-79b6041\" data-id=\"79b6041\" data-element_type=\"column\">\n\t\t\t<div class=\"elementor-widget-wrap elementor-element-populated\">\n\t\t\t\t\t\t<div class=\"elementor-element elementor-element-261b3eb5 has-normal-paragraph-style elementor-widget elementor-widget-text-editor\" data-id=\"261b3eb5\" data-element_type=\"widget\" data-widget_type=\"text-editor.default\">\n\t\t\t\t<div class=\"elementor-widget-container\">\n\t\t\t\t\t\t\t\t\t<p>La bottiglia Sigg entra a far parte dell\u2019offerta di casalinghi per caso. Nella produzione di pentole e padelle, grandi quantit\u00e0 di alluminio in eccesso vengono scartate. Negli anni della guerra, quando le risorse sono scarse, si decide di cercare un utilizzo utile per la preziosa materia prima, trovandolo: SIGG sviluppa una bottiglia.<\/p><p>\u00a0<\/p><p>Dietro l\u2019odierna bottiglia SIGG c\u2019\u00e8 una storia diversa da quella che la maggior parte delle persone si immagina: il modello capostipite non \u00e8 la borraccia degli anni \u201920, ma una borsa dell\u2019acqua calda. Il suo profilo \u00e8 stato poi ripreso a grandi linee dalla classica Traveller Bottle, che ha avuto presto un\u2019ampia diffusione ed \u00e8 tuttora considerata il simbolo della bottiglia in alluminio riutilizzabile. L\u2019\u00abOriginal Swiss Bottle\u00bb \u00e8 un esempio di performance produttiva e di design di fama mondiale: un prodotto funzionale che \u00e8 diventato un ambito accessorio alla moda e oggetto da collezione ed \u00e8 perfino in mostra al Museum of Modern Art di New York.<\/p>\t\t\t\t\t\t\t\t<\/div>\n\t\t\t\t<\/div>\n\t\t\t\t\t<\/div>\n\t\t<\/div>\n\t\t\t\t\t<\/div>\n\t\t<\/section>\n\t\t\t\t<section data-particle_enable=\"false\" data-particle-mobile-disabled=\"false\" class=\"elementor-section elementor-top-section elementor-element elementor-element-f5fbedc content-image-text content-image-text-small-bild-links elementor-section-boxed elementor-section-height-default elementor-section-height-default\" data-id=\"f5fbedc\" data-element_type=\"section\">\n\t\t\t\t\t\t<div class=\"elementor-container elementor-column-gap-default\">\n\t\t\t\t\t<div class=\"elementor-column elementor-col-100 elementor-top-column elementor-element elementor-element-77a1e06\" data-id=\"77a1e06\" data-element_type=\"column\">\n\t\t\t<div class=\"elementor-widget-wrap elementor-element-populated\">\n\t\t\t\t\t\t<div class=\"elementor-element elementor-element-6a724f0 has-normal-paragraph-style elementor-widget elementor-widget-text-editor\" data-id=\"6a724f0\" data-element_type=\"widget\" data-widget_type=\"text-editor.default\">\n\t\t\t\t<div class=\"elementor-widget-container\">\n\t\t\t\t\t\t\t\t\t<p><strong>Qualit\u00e0 e perfezione, ma anche consapevolezza ambientale<\/strong><\/p><p>Nella produzione delle bottiglie, SIGG persegue l\u2019obiettivo generale di mantenere l\u2019impatto ambientale il pi\u00f9 basso possibile. L\u2019adozione di soluzioni innovative ha permesso di ridurre sempre pi\u00f9 l\u2019\u00abimpronta ecologica\u00bb. I pochi scarti della produzione vengono riciclati al 99% e anche l\u2019acqua per la pulizia delle bottiglie viene raccolta e trattata in un sistema chiuso. Inoltre, dal 2022 l\u2019intera collezione di bottiglie in alluminio sar\u00e0 prodotta a zero emissioni di CO<sub>2<\/sub>. SIGG sostiene anche organizzazioni come One Tree Planted, Water is Life e Sophia for Children, che condividono la sua visione di un mondo pi\u00f9 equo e pi\u00f9 verde.<\/p>\t\t\t\t\t\t\t\t<\/div>\n\t\t\t\t<\/div>\n\t\t\t\t\t<\/div>\n\t\t<\/div>\n\t\t\t\t\t<\/div>\n\t\t<\/section>\n\t\t\t\t<section data-particle_enable=\"false\" data-particle-mobile-disabled=\"false\" class=\"elementor-section elementor-top-section elementor-element elementor-element-727f12a elementor-section-full_width elementor-section-height-default elementor-section-height-default\" data-id=\"727f12a\" data-element_type=\"section\">\n\t\t\t\t\t\t<div class=\"elementor-container elementor-column-gap-default\">\n\t\t\t\t\t<div class=\"elementor-column elementor-col-50 elementor-top-column elementor-element elementor-element-4b79d0b\" data-id=\"4b79d0b\" data-element_type=\"column\">\n\t\t\t<div class=\"elementor-widget-wrap elementor-element-populated\">\n\t\t\t\t\t\t<div class=\"elementor-element elementor-element-e3a16e5 has-normal-paragraph-style elementor-widget elementor-widget-text-editor\" data-id=\"e3a16e5\" data-element_type=\"widget\" data-widget_type=\"text-editor.default\">\n\t\t\t\t<div class=\"elementor-widget-container\">\n\t\t\t\t\t\t\t\t\t<p><strong>Il pioniere dell\u2019alluminio<\/strong><\/p><p>Da oltre 90 anni SIGG produce borracce di alta qualit\u00e0, affidabili e sostenibili. La lotta alla plastica usa e getta \u00e8 la sua priorit\u00e0 attuale e il suo obiettivo per il futuro. Con un design elegante per evitare le bottiglie di plastica a perdere: a marzo 2022 SIGG lancer\u00e0 sul mercato una nuova linea di iconiche bottiglie Traveller realizzate in alluminio riciclato al 100%, con il tappo in materiali rinnovabili. La collezione \u00abMyPlanet\u00bb rappresenta un ulteriore passo verso la sostenibilit\u00e0 dei materiali e il rispetto dell\u2019ambiente.<\/p>\t\t\t\t\t\t\t\t<\/div>\n\t\t\t\t<\/div>\n\t\t\t\t\t<\/div>\n\t\t<\/div>\n\t\t\t\t<div class=\"elementor-column elementor-col-50 elementor-top-column elementor-element elementor-element-3022be1\" data-id=\"3022be1\" data-element_type=\"column\">\n\t\t\t<div class=\"elementor-widget-wrap elementor-element-populated\">\n\t\t\t\t\t\t<div class=\"elementor-element elementor-element-0952ebb elementor-widget elementor-widget-image\" data-id=\"0952ebb\" data-element_type=\"widget\" data-widget_type=\"image.default\">\n\t\t\t\t<div class=\"elementor-widget-container\">\n\t\t\t\t\t\t\t\t\t\t\t\t<figure class=\"wp-caption\">\n\t\t\t\t\t\t\t\t\t\t<img decoding=\"async\" width=\"640\" height=\"216\" src=\"https:\/\/www.asga.ch\/wp-content\/uploads\/bilder\/diverse\/alle-my-traveller-bottles-1024x346.jpg\" class=\"attachment-large size-large wp-image-32458\" alt=\"Reiseflaschen von &quot;SIGG&quot;\" srcset=\"https:\/\/www.asga.ch\/wp-content\/uploads\/bilder\/diverse\/alle-my-traveller-bottles-1024x346.jpg 1024w, https:\/\/www.asga.ch\/wp-content\/uploads\/bilder\/diverse\/alle-my-traveller-bottles-300x101.jpg 300w, https:\/\/www.asga.ch\/wp-content\/uploads\/bilder\/diverse\/alle-my-traveller-bottles-768x259.jpg 768w, https:\/\/www.asga.ch\/wp-content\/uploads\/bilder\/diverse\/alle-my-traveller-bottles.jpg 1480w\" sizes=\"(max-width: 640px) 100vw, 640px\" \/>\t\t\t\t\t\t\t\t\t\t\t<figcaption class=\"widget-image-caption wp-caption-text\">Traveller MyPlanet<\/figcaption>\n\t\t\t\t\t\t\t\t\t\t<\/figure>\n\t\t\t\t\t\t\t\t\t<\/div>\n\t\t\t\t<\/div>\n\t\t\t\t\t<\/div>\n\t\t<\/div>\n\t\t\t\t\t<\/div>\n\t\t<\/section>\n\t\t\t\t<\/div>\n\t\t","protected":false},"excerpt":{"rendered":"<p>Ritratto dei soci SIGG \u2013 la quintessenza dell\u2019utilit\u00e0 La storia di SIGG Switzerland Bottles SA inizia nel 1908. Ferdinand Sigg, specialista della lavorazione dei metalli, fonda una fabbrica di prodotti in alluminio. Il suo amore per il metallo e la sua convinzione che l\u2019alluminio sia il materiale del futuro portano al successo: l\u2019azienda cresce e [&hellip;]<\/p>\n","protected":false},"author":3,"featured_media":0,"parent":21651,"menu_order":0,"comment_status":"closed","ping_status":"closed","template":"","meta":{"_acf_changed":false,"_relevanssi_hide_post":"","_relevanssi_hide_content":"","_relevanssi_pin_for_all":"","_relevanssi_pin_keywords":"","_relevanssi_unpin_keywords":"","_relevanssi_related_keywords":"","_relevanssi_related_include_ids":"","_relevanssi_related_exclude_ids":"","_relevanssi_related_no_append":"","_relevanssi_related_not_related":"","_relevanssi_related_posts":"19994,20341,20200,20092,20301,20062","_relevanssi_noindex_reason":"","footnotes":""},"class_list":["post-32475","page","type-page","status-publish","hentry"],"acf":[],"yoast_head":"<!-- This site is optimized with the Yoast SEO plugin v26.6 - https:\/\/yoast.com\/wordpress\/plugins\/seo\/ -->\n<title>SIGG - Asga Pensionskasse<\/title>\n<meta name=\"robots\" content=\"index, follow, max-snippet:-1, max-image-preview:large, max-video-preview:-1\" \/>\n<link rel=\"canonical\" href=\"https:\/\/www.asga.ch\/it\/chi-siamo\/asga-compie-60-anni\/sigg\/\" \/>\n<meta property=\"og:locale\" content=\"it_IT\" \/>\n<meta property=\"og:type\" content=\"article\" \/>\n<meta property=\"og:title\" content=\"SIGG - Asga Pensionskasse\" \/>\n<meta property=\"og:description\" content=\"Ritratto dei soci SIGG \u2013 la quintessenza dell\u2019utilit\u00e0 La storia di SIGG Switzerland Bottles SA inizia nel 1908. Ferdinand Sigg, specialista della lavorazione dei metalli, fonda una fabbrica di prodotti in alluminio. Il suo amore per il metallo e la sua convinzione che l\u2019alluminio sia il materiale del futuro portano al successo: l\u2019azienda cresce e [&hellip;]\" \/>\n<meta property=\"og:url\" content=\"https:\/\/www.asga.ch\/it\/chi-siamo\/asga-compie-60-anni\/sigg\/\" \/>\n<meta property=\"og:site_name\" content=\"Asga Pensionskasse\" \/>\n<meta property=\"article:modified_time\" content=\"2022-03-11T14:34:35+00:00\" \/>\n<meta property=\"og:image\" content=\"https:\/\/www.asga.ch\/wp-content\/uploads\/bilder\/diverse\/sigg_history_images_4.jpg\" \/>\n<meta name=\"twitter:card\" content=\"summary_large_image\" \/>\n<meta name=\"twitter:label1\" content=\"Tempo di lettura stimato\" \/>\n\t<meta name=\"twitter:data1\" content=\"4 minuti\" \/>\n<script type=\"application\/ld+json\" class=\"yoast-schema-graph\">{\"@context\":\"https:\/\/schema.org\",\"@graph\":[{\"@type\":\"WebPage\",\"@id\":\"https:\/\/www.asga.ch\/it\/chi-siamo\/asga-compie-60-anni\/sigg\/\",\"url\":\"https:\/\/www.asga.ch\/it\/chi-siamo\/asga-compie-60-anni\/sigg\/\",\"name\":\"SIGG - Asga Pensionskasse\",\"isPartOf\":{\"@id\":\"https:\/\/www.asga.ch\/it\/#website\"},\"primaryImageOfPage\":{\"@id\":\"https:\/\/www.asga.ch\/it\/chi-siamo\/asga-compie-60-anni\/sigg\/#primaryimage\"},\"image\":{\"@id\":\"https:\/\/www.asga.ch\/it\/chi-siamo\/asga-compie-60-anni\/sigg\/#primaryimage\"},\"thumbnailUrl\":\"https:\/\/www.asga.ch\/wp-content\/uploads\/bilder\/diverse\/sigg_history_images_4.jpg\",\"datePublished\":\"2022-03-07T13:22:03+00:00\",\"dateModified\":\"2022-03-11T14:34:35+00:00\",\"breadcrumb\":{\"@id\":\"https:\/\/www.asga.ch\/it\/chi-siamo\/asga-compie-60-anni\/sigg\/#breadcrumb\"},\"inLanguage\":\"it-IT\",\"potentialAction\":[{\"@type\":\"ReadAction\",\"target\":[\"https:\/\/www.asga.ch\/it\/chi-siamo\/asga-compie-60-anni\/sigg\/\"]}]},{\"@type\":\"ImageObject\",\"inLanguage\":\"it-IT\",\"@id\":\"https:\/\/www.asga.ch\/it\/chi-siamo\/asga-compie-60-anni\/sigg\/#primaryimage\",\"url\":\"https:\/\/www.asga.ch\/wp-content\/uploads\/bilder\/diverse\/sigg_history_images_4.jpg\",\"contentUrl\":\"https:\/\/www.asga.ch\/wp-content\/uploads\/bilder\/diverse\/sigg_history_images_4.jpg\"},{\"@type\":\"BreadcrumbList\",\"@id\":\"https:\/\/www.asga.ch\/it\/chi-siamo\/asga-compie-60-anni\/sigg\/#breadcrumb\",\"itemListElement\":[{\"@type\":\"ListItem\",\"position\":1,\"name\":\"Home\",\"item\":\"https:\/\/www.asga.ch\/it\/\"},{\"@type\":\"ListItem\",\"position\":2,\"name\":\"Chi siamo\",\"item\":\"https:\/\/www.asga.ch\/it\/ueber-asga\/\"},{\"@type\":\"ListItem\",\"position\":3,\"name\":\"Asga compie 60 anni\",\"item\":\"https:\/\/www.asga.ch\/it\/ueber-asga\/60-jahre\/\"},{\"@type\":\"ListItem\",\"position\":4,\"name\":\"SIGG\"}]},{\"@type\":\"WebSite\",\"@id\":\"https:\/\/www.asga.ch\/it\/#website\",\"url\":\"https:\/\/www.asga.ch\/it\/\",\"name\":\"Asga Pensionskasse\",\"description\":\"\",\"publisher\":{\"@id\":\"https:\/\/www.asga.ch\/it\/#organization\"},\"potentialAction\":[{\"@type\":\"SearchAction\",\"target\":{\"@type\":\"EntryPoint\",\"urlTemplate\":\"https:\/\/www.asga.ch\/it\/?s={search_term_string}\"},\"query-input\":{\"@type\":\"PropertyValueSpecification\",\"valueRequired\":true,\"valueName\":\"search_term_string\"}}],\"inLanguage\":\"it-IT\"},{\"@type\":\"Organization\",\"@id\":\"https:\/\/www.asga.ch\/it\/#organization\",\"name\":\"Asga Pensionskasse\",\"url\":\"https:\/\/www.asga.ch\/it\/\",\"logo\":{\"@type\":\"ImageObject\",\"inLanguage\":\"it-IT\",\"@id\":\"https:\/\/www.asga.ch\/it\/#\/schema\/logo\/image\/\",\"url\":\"https:\/\/www.asga.ch\/wp-content\/uploads\/system\/logo\/asga_logo-1.svg\",\"contentUrl\":\"https:\/\/www.asga.ch\/wp-content\/uploads\/system\/logo\/asga_logo-1.svg\",\"width\":390,\"height\":108,\"caption\":\"Asga Pensionskasse\"},\"image\":{\"@id\":\"https:\/\/www.asga.ch\/it\/#\/schema\/logo\/image\/\"}}]}<\/script>\n<!-- \/ Yoast SEO plugin. -->","yoast_head_json":{"title":"SIGG - Asga Pensionskasse","robots":{"index":"index","follow":"follow","max-snippet":"max-snippet:-1","max-image-preview":"max-image-preview:large","max-video-preview":"max-video-preview:-1"},"canonical":"https:\/\/www.asga.ch\/it\/chi-siamo\/asga-compie-60-anni\/sigg\/","og_locale":"it_IT","og_type":"article","og_title":"SIGG - Asga Pensionskasse","og_description":"Ritratto dei soci SIGG \u2013 la quintessenza dell\u2019utilit\u00e0 La storia di SIGG Switzerland Bottles SA inizia nel 1908. Ferdinand Sigg, specialista della lavorazione dei metalli, fonda una fabbrica di prodotti in alluminio. Il suo amore per il metallo e la sua convinzione che l\u2019alluminio sia il materiale del futuro portano al successo: l\u2019azienda cresce e [&hellip;]","og_url":"https:\/\/www.asga.ch\/it\/chi-siamo\/asga-compie-60-anni\/sigg\/","og_site_name":"Asga Pensionskasse","article_modified_time":"2022-03-11T14:34:35+00:00","og_image":[{"url":"https:\/\/www.asga.ch\/wp-content\/uploads\/bilder\/diverse\/sigg_history_images_4.jpg","type":"","width":"","height":""}],"twitter_card":"summary_large_image","twitter_misc":{"Tempo di lettura stimato":"4 minuti"},"schema":{"@context":"https:\/\/schema.org","@graph":[{"@type":"WebPage","@id":"https:\/\/www.asga.ch\/it\/chi-siamo\/asga-compie-60-anni\/sigg\/","url":"https:\/\/www.asga.ch\/it\/chi-siamo\/asga-compie-60-anni\/sigg\/","name":"SIGG - Asga Pensionskasse","isPartOf":{"@id":"https:\/\/www.asga.ch\/it\/#website"},"primaryImageOfPage":{"@id":"https:\/\/www.asga.ch\/it\/chi-siamo\/asga-compie-60-anni\/sigg\/#primaryimage"},"image":{"@id":"https:\/\/www.asga.ch\/it\/chi-siamo\/asga-compie-60-anni\/sigg\/#primaryimage"},"thumbnailUrl":"https:\/\/www.asga.ch\/wp-content\/uploads\/bilder\/diverse\/sigg_history_images_4.jpg","datePublished":"2022-03-07T13:22:03+00:00","dateModified":"2022-03-11T14:34:35+00:00","breadcrumb":{"@id":"https:\/\/www.asga.ch\/it\/chi-siamo\/asga-compie-60-anni\/sigg\/#breadcrumb"},"inLanguage":"it-IT","potentialAction":[{"@type":"ReadAction","target":["https:\/\/www.asga.ch\/it\/chi-siamo\/asga-compie-60-anni\/sigg\/"]}]},{"@type":"ImageObject","inLanguage":"it-IT","@id":"https:\/\/www.asga.ch\/it\/chi-siamo\/asga-compie-60-anni\/sigg\/#primaryimage","url":"https:\/\/www.asga.ch\/wp-content\/uploads\/bilder\/diverse\/sigg_history_images_4.jpg","contentUrl":"https:\/\/www.asga.ch\/wp-content\/uploads\/bilder\/diverse\/sigg_history_images_4.jpg"},{"@type":"BreadcrumbList","@id":"https:\/\/www.asga.ch\/it\/chi-siamo\/asga-compie-60-anni\/sigg\/#breadcrumb","itemListElement":[{"@type":"ListItem","position":1,"name":"Home","item":"https:\/\/www.asga.ch\/it\/"},{"@type":"ListItem","position":2,"name":"Chi siamo","item":"https:\/\/www.asga.ch\/it\/ueber-asga\/"},{"@type":"ListItem","position":3,"name":"Asga compie 60 anni","item":"https:\/\/www.asga.ch\/it\/ueber-asga\/60-jahre\/"},{"@type":"ListItem","position":4,"name":"SIGG"}]},{"@type":"WebSite","@id":"https:\/\/www.asga.ch\/it\/#website","url":"https:\/\/www.asga.ch\/it\/","name":"Asga Pensionskasse","description":"","publisher":{"@id":"https:\/\/www.asga.ch\/it\/#organization"},"potentialAction":[{"@type":"SearchAction","target":{"@type":"EntryPoint","urlTemplate":"https:\/\/www.asga.ch\/it\/?s={search_term_string}"},"query-input":{"@type":"PropertyValueSpecification","valueRequired":true,"valueName":"search_term_string"}}],"inLanguage":"it-IT"},{"@type":"Organization","@id":"https:\/\/www.asga.ch\/it\/#organization","name":"Asga Pensionskasse","url":"https:\/\/www.asga.ch\/it\/","logo":{"@type":"ImageObject","inLanguage":"it-IT","@id":"https:\/\/www.asga.ch\/it\/#\/schema\/logo\/image\/","url":"https:\/\/www.asga.ch\/wp-content\/uploads\/system\/logo\/asga_logo-1.svg","contentUrl":"https:\/\/www.asga.ch\/wp-content\/uploads\/system\/logo\/asga_logo-1.svg","width":390,"height":108,"caption":"Asga Pensionskasse"},"image":{"@id":"https:\/\/www.asga.ch\/it\/#\/schema\/logo\/image\/"}}]}},"_links":{"self":[{"href":"https:\/\/www.asga.ch\/it\/wp-json\/wp\/v2\/pages\/32475","targetHints":{"allow":["GET"]}}],"collection":[{"href":"https:\/\/www.asga.ch\/it\/wp-json\/wp\/v2\/pages"}],"about":[{"href":"https:\/\/www.asga.ch\/it\/wp-json\/wp\/v2\/types\/page"}],"author":[{"embeddable":true,"href":"https:\/\/www.asga.ch\/it\/wp-json\/wp\/v2\/users\/3"}],"replies":[{"embeddable":true,"href":"https:\/\/www.asga.ch\/it\/wp-json\/wp\/v2\/comments?post=32475"}],"version-history":[{"count":5,"href":"https:\/\/www.asga.ch\/it\/wp-json\/wp\/v2\/pages\/32475\/revisions"}],"predecessor-version":[{"id":32480,"href":"https:\/\/www.asga.ch\/it\/wp-json\/wp\/v2\/pages\/32475\/revisions\/32480"}],"up":[{"embeddable":true,"href":"https:\/\/www.asga.ch\/it\/wp-json\/wp\/v2\/pages\/21651"}],"wp:attachment":[{"href":"https:\/\/www.asga.ch\/it\/wp-json\/wp\/v2\/media?parent=32475"}],"curies":[{"name":"wp","href":"https:\/\/api.w.org\/{rel}","templated":true}]}}